

{"id":67,"date":"2022-10-23T21:41:21","date_gmt":"2022-10-23T19:41:21","guid":{"rendered":"https:\/\/www.klutes-minigolf-oase.de\/?page_id=67"},"modified":"2022-10-23T22:39:25","modified_gmt":"2022-10-23T20:39:25","slug":"anfahrt","status":"publish","type":"page","link":"https:\/\/www.klutes-minigolf-oase.de\/index.php\/kontakt\/anfahrt\/","title":{"rendered":"Anfahrt"},"content":{"rendered":"<h1>Anfahrt<\/h1>\n<p>Unsere Anlage befindet sich direkt am Nordufer des Harkortseee, einem in den 30er Jahren angelegtem Stausee im Verlauf der Ruhr. Parkm\u00f6glichkeiten gibt es in unmittelbare N\u00e4he in gro\u00dfer Anzahl. Selbstverst\u00e4ndlich sind diese Parkpl\u00e4tze f\u00fcr unsere G\u00e4ste kostenlos.<\/p>\n\n        <div id=\"map_ol3js_1\"\n             class=\"map undefined\"\n             data-map_name=\"undefined\"\n             data-map=\"map_ol3js_1\"\n             style=\"width:95%;\n                    max-width:100%;\n                    height:600px;\n                    display:block;\n                    overflow:hidden;\n                    border:thin solid black;\">\n          <div id=\"map_ol3js_1_popup\" class=\"ol-popup\">\n            <a href=\"#\" id=\"map_ol3js_1_popup-closer\" class=\"ol-popup-closer\"><\/a>\n            <div id=\"map_ol3js_1_popup-content\"><\/div>\n          <\/div>\n        <\/div>\n    \n\n\t\t\t\t<script type=\"text\/javascript\">\n\t\t\t\t\ttranslations['openlayer'] = \"open layer\";\n\t\t\t\t\ttranslations['openlayerAtStartup'] = \"open layer at startup\";\n\t\t\t\t\ttranslations['generateLink'] = \"Der Link zur Karte mit ausgew\u00e4hlten Overlays und angezeigtem Ausschnitt\";\n\t\t\t\t\ttranslations['shortDescription'] = \"Kurzbeschreibung\";\n\t\t\t\t\ttranslations['generatedShortCode'] = \"to get a text control link paste this code in your wordpress editor\";\n\t\t\t\t\ttranslations['closeLayer'] = \"close layer\";\n\t\t\t\t\ttranslations['cantGenerateLink'] = \"put this string in the existing map short code to control this map\";\n\t\t\t  <\/script>\n\n\n\t\t\t  <script type=\"text\/javascript\">\n\t\t\t  vectorM['map_ol3js_1'] = [];\n\t        \n        var raster = getTileLayer(\"osm\",\"NoKey\");\t\t\t\n\n\t\t\t  var map_ol3js_1 = new ol.Map({\n\t\t\t\tinteractions: ol.interaction.defaults.defaults({mouseWheelZoom:false}),\n\t\t\t\tlayers: [raster],\n\t\t\t\ttarget: \"map_ol3js_1\",\n\t\t\t\tview: new ol.View({\n\t\t\t\t  center: ol.proj.transform([7.4070,51.4009], \"EPSG:4326\", \"EPSG:3857\"),\n\t\t\t\t  zoom: 16.0\n\t\t\t\t})\n\t\t\t  });\n\t\t\t  osm_addMarkerLayer(map_ol3js_1,7.4063,51.4009,\"https:\/\/www.klutes-minigolf-oase.de\/wp-content\/plugins\/osm\/icons\/mic_black_hockey_10.png\",-16,-41,\"<p><\/p>\") ; \naddControls2Map(map_ol3js_1,0,0,3,1,5,6,7,1,1);\nosm_addPopupClickhandler(map_ol3js_1,  \"map_ol3js_1\"); \nosm_addMouseHover(map_ol3js_1); <\/script>\n<p>&nbsp;<\/p>\n<p>\u00d6ffentliche Verkehrsmittel:<\/p>\n<p>Direkt am Minigolfplatz befindet sich die Haltestelle &#8222;Zillertal&#8220;. Hier fahren die Busse der Linien 553 und 555. Die aktuellen Abfahrten findet Ihr unter diesem <a href=\"https:\/\/www.vrr.de\/de\/fahrplan-mobilitaet\/fahrplanauskunft\/app\/stopTimetable?formik=sttFirstInput%3Dde%253A05954%253A2257&amp;lng=de&amp;stopTimetable=firstInputType%3Dstop\" target=\"_blank\" rel=\"noopener\">Link<\/a>. Vom S-Bahnhof Wetter an der Ruhr (S5, RB40, RE 16 und RE4) sind das nur 4 Haltestellen mit dem Bus in Richung Herdecke.<\/p>\n","protected":false},"excerpt":{"rendered":"<p>Anfahrt Unsere Anlage befindet sich direkt am Nordufer des Harkortseee, einem in den 30er Jahren angelegtem Stausee im Verlauf der Ruhr. Parkm\u00f6glichkeiten gibt es in unmittelbare N\u00e4he in gro\u00dfer Anzahl. Selbstverst\u00e4ndlich sind diese Parkpl\u00e4tze f\u00fcr unsere G\u00e4ste kostenlos. &nbsp; \u00d6ffentliche Verkehrsmittel: Direkt am Minigolfplatz befindet sich die Haltestelle &#8222;Zillertal&#8220;. Hier fahren die Busse der Linien&hellip; <br \/> <a class=\"read-more\" href=\"https:\/\/www.klutes-minigolf-oase.de\/index.php\/kontakt\/anfahrt\/\">Weiterlesen<\/a><\/p>\n","protected":false},"author":1,"featured_media":0,"parent":65,"menu_order":0,"comment_status":"closed","ping_status":"closed","template":"","meta":{"footnotes":""},"class_list":["post-67","page","type-page","status-publish","hentry"],"_links":{"self":[{"href":"https:\/\/www.klutes-minigolf-oase.de\/index.php\/wp-json\/wp\/v2\/pages\/67","targetHints":{"allow":["GET"]}}],"collection":[{"href":"https:\/\/www.klutes-minigolf-oase.de\/index.php\/wp-json\/wp\/v2\/pages"}],"about":[{"href":"https:\/\/www.klutes-minigolf-oase.de\/index.php\/wp-json\/wp\/v2\/types\/page"}],"author":[{"embeddable":true,"href":"https:\/\/www.klutes-minigolf-oase.de\/index.php\/wp-json\/wp\/v2\/users\/1"}],"replies":[{"embeddable":true,"href":"https:\/\/www.klutes-minigolf-oase.de\/index.php\/wp-json\/wp\/v2\/comments?post=67"}],"version-history":[{"count":8,"href":"https:\/\/www.klutes-minigolf-oase.de\/index.php\/wp-json\/wp\/v2\/pages\/67\/revisions"}],"predecessor-version":[{"id":77,"href":"https:\/\/www.klutes-minigolf-oase.de\/index.php\/wp-json\/wp\/v2\/pages\/67\/revisions\/77"}],"up":[{"embeddable":true,"href":"https:\/\/www.klutes-minigolf-oase.de\/index.php\/wp-json\/wp\/v2\/pages\/65"}],"wp:attachment":[{"href":"https:\/\/www.klutes-minigolf-oase.de\/index.php\/wp-json\/wp\/v2\/media?parent=67"}],"curies":[{"name":"wp","href":"https:\/\/api.w.org\/{rel}","templated":true}]}}