{"id":668,"date":"2024-08-08T19:32:33","date_gmt":"2024-08-08T17:32:33","guid":{"rendered":"https:\/\/www.klutes-minigolf-oase.de\/?page_id=668"},"modified":"2024-08-11T16:27:00","modified_gmt":"2024-08-11T14:27:00","slug":"pit-pat","status":"publish","type":"page","link":"https:\/\/www.klutes-minigolf-oase.de\/index.php\/pit-pat\/","title":{"rendered":"Pit-Pat"},"content":{"rendered":"<p>Seit dem Fr\u00fchjahr 2024 bietet wir auch eine besondere Art des Zeitvertreibes an:<\/p>\n<p>Pit-Pat ist eine Mischung aus Minigolf und Billard, manchmal auch als &#8222;Hindernisbillard&#8220; bezeichnet. Das Spiel wird auf speziell entworfenen Tischen gespielt, die \u00c4hnlichkeiten mit Minigolfbahnen haben, aber die Regeln und das Spielgeschehen orientieren sich mehr an Billard.<\/p>\n<p>So funktioniert Pit-Pat:<\/p>\n<ul>\n<li><strong>Spielfl\u00e4che<\/strong>: Es gibt 18 Bahnen, \u00e4hnlich wie beim Minigolf, die auf erh\u00f6hten Tischen aufgebaut sind. Jede Bahn hat unterschiedliche Hindernisse.<\/li>\n<li><strong>Schl\u00e4ger und Ball<\/strong>: Anstelle eines Golfschl\u00e4gers wird ein Queue wie beim Billard verwendet, um den Ball zu sto\u00dfen.<\/li>\n<li><strong>Ziel<\/strong>: Ziel ist es, den Ball mit so wenigen Schl\u00e4gen wie m\u00f6glich durch die Hindernisse hindurch ins Loch zu bef\u00f6rdern, \u00e4hnlich wie beim Minigolf.<\/li>\n<li><strong>Regeln<\/strong>: Die Regeln sind meist eine Mischung aus den Regeln des Minigolfs und des Billards. Man muss den Ball \u00fcber Hindernisse, Rampen oder durch kleine Tore spielen.<\/li>\n<\/ul>\n<p>Pit-Pat ist in Deutschland und einigen anderen europ\u00e4ischen L\u00e4ndern besonders beliebt und wird sowohl als Freizeitaktivit\u00e4t als auch als Wettkampfsport betrieben. In einigen Regionen gibt es sogar professionelle Turniere und Ligen f\u00fcr Pit-Pat.<\/p>\n<p>Zur Galerie der Pit-Pat-Anlage geht es <a href=\"https:\/\/www.klutes-minigolf-oase.de\/index.php\/galerie-pit-pat\/\">hier<\/a>.<\/p>\n","protected":false},"excerpt":{"rendered":"<p>Seit dem Fr\u00fchjahr 2024 bietet wir auch eine besondere Art des Zeitvertreibes an: Pit-Pat ist eine Mischung aus Minigolf und Billard, manchmal auch als &#8222;Hindernisbillard&#8220; bezeichnet. Das Spiel wird auf speziell entworfenen Tischen gespielt, die \u00c4hnlichkeiten mit Minigolfbahnen haben, aber die Regeln und das Spielgeschehen orientieren sich mehr an Billard. So funktioniert Pit-Pat: Spielfl\u00e4che: Es&hellip; <br \/> <a class=\"read-more\" href=\"https:\/\/www.klutes-minigolf-oase.de\/index.php\/pit-pat\/\">Weiterlesen<\/a><\/p>\n","protected":false},"author":1,"featured_media":0,"parent":0,"menu_order":0,"comment_status":"closed","ping_status":"closed","template":"","meta":{"footnotes":""},"class_list":["post-668","page","type-page","status-publish","hentry"],"_links":{"self":[{"href":"https:\/\/www.klutes-minigolf-oase.de\/index.php\/wp-json\/wp\/v2\/pages\/668","targetHints":{"allow":["GET"]}}],"collection":[{"href":"https:\/\/www.klutes-minigolf-oase.de\/index.php\/wp-json\/wp\/v2\/pages"}],"about":[{"href":"https:\/\/www.klutes-minigolf-oase.de\/index.php\/wp-json\/wp\/v2\/types\/page"}],"author":[{"embeddable":true,"href":"https:\/\/www.klutes-minigolf-oase.de\/index.php\/wp-json\/wp\/v2\/users\/1"}],"replies":[{"embeddable":true,"href":"https:\/\/www.klutes-minigolf-oase.de\/index.php\/wp-json\/wp\/v2\/comments?post=668"}],"version-history":[{"count":2,"href":"https:\/\/www.klutes-minigolf-oase.de\/index.php\/wp-json\/wp\/v2\/pages\/668\/revisions"}],"predecessor-version":[{"id":718,"href":"https:\/\/www.klutes-minigolf-oase.de\/index.php\/wp-json\/wp\/v2\/pages\/668\/revisions\/718"}],"wp:attachment":[{"href":"https:\/\/www.klutes-minigolf-oase.de\/index.php\/wp-json\/wp\/v2\/media?parent=668"}],"curies":[{"name":"wp","href":"https:\/\/api.w.org\/{rel}","templated":true}]}}